{"id":482,"date":"2020-05-14T12:31:27","date_gmt":"2020-05-14T10:31:27","guid":{"rendered":"http:\/\/kagami.fr\/?page_id=482"},"modified":"2024-01-26T17:50:19","modified_gmt":"2024-01-26T16:50:19","slug":"tarifs","status":"publish","type":"page","link":"https:\/\/kagami.fr\/index.php\/tarifs\/","title":{"rendered":"Tarifs"},"content":{"rendered":"\t\t<div data-elementor-type=\"wp-page\" data-elementor-id=\"482\" class=\"elementor elementor-482\">\n\t\t\t\t\t\t\t\t\t<section class=\"has_eae_slider elementor-section elementor-top-section elementor-element elementor-element-810129d elementor-section-boxed elementor-section-height-default elementor-section-height-default\" data-id=\"810129d\" data-element_type=\"section\">\n\t\t\t\t\t\t<div class=\"elementor-container elementor-column-gap-default\">\n\t\t\t\t\t<div class=\"has_eae_slider elementor-column elementor-col-100 elementor-top-column elementor-element elementor-element-cefa3db\" data-id=\"cefa3db\" data-element_type=\"column\">\n\t\t\t<div class=\"elementor-widget-wrap elementor-element-populated\">\n\t\t\t\t\t\t\t\t<div class=\"elementor-element elementor-element-c0fda2a elementor-widget elementor-widget-heading\" data-id=\"c0fda2a\" data-element_type=\"widget\" data-widget_type=\"heading.default\">\n\t\t\t\t<div class=\"elementor-widget-container\">\n\t\t\t<h2 class=\"elementor-heading-title elementor-size-default\">Accompagnement individuels<\/h2>\t\t<\/div>\n\t\t\t\t<\/div>\n\t\t\t\t\t<\/div>\n\t\t<\/div>\n\t\t\t\t\t\t\t<\/div>\n\t\t<\/section>\n\t\t\t\t<section class=\"has_eae_slider elementor-section elementor-top-section elementor-element elementor-element-10586bc elementor-section-boxed elementor-section-height-default elementor-section-height-default\" data-id=\"10586bc\" data-element_type=\"section\">\n\t\t\t\t\t\t<div class=\"elementor-container elementor-column-gap-default\">\n\t\t\t\t\t<div class=\"has_eae_slider elementor-column elementor-col-100 elementor-top-column elementor-element elementor-element-e2821a3\" data-id=\"e2821a3\" data-element_type=\"column\">\n\t\t\t<div class=\"elementor-widget-wrap elementor-element-populated\">\n\t\t\t\t\t\t\t\t<div class=\"elementor-element elementor-element-565cbd9 elementor-widget elementor-widget-text-editor\" data-id=\"565cbd9\" data-element_type=\"widget\" data-widget_type=\"text-editor.default\">\n\t\t\t\t<div class=\"elementor-widget-container\">\n\t\t\t\t\t\t\t<p style=\"text-align: center;\"><br><\/p>\n<p style=\"text-align: center;\">S\u00e9ance (1hoo)<\/p>\n<p style=\"text-align: center;\">1 personne : 65 \u20ac&nbsp;<\/p>\n<p style=\"text-align: center;\">2 personnes : 95 \u20ac<\/p>\n<p style=\"text-align: center;\">3 personnes et plus : 35 \u20ac\/personne<\/p><p style=\"text-align: center;\"><br><\/p>\n<p style=\"text-align: center;\">Cycle TAISO 4 s\u00e9ances (1h00)<\/p>\n<p style=\"text-align: center;\">&nbsp;1 personne : 240 \u20ac<\/p>\n<p style=\"text-align: center;\">2 personnes : 350 &nbsp;\u20ac<\/p>\n<p style=\"text-align: center;\">3 personnes et plus : 130 \u20ac\/personne<br><\/p><p style=\"text-align: center;\"><br><\/p>\n<p style=\"text-align: center;\"><span style=\"color: #00ffff;\"><em>Possibilit\u00e9 de r\u00e9aliser les s\u00e9ances en milieu naturel, en salle ou \u00e0 votre domicile<\/em><\/span><\/p>\t\t\t\t\t\t<\/div>\n\t\t\t\t<\/div>\n\t\t\t\t\t<\/div>\n\t\t<\/div>\n\t\t\t\t\t\t\t<\/div>\n\t\t<\/section>\n\t\t\t\t<section class=\"has_eae_slider elementor-section elementor-top-section elementor-element elementor-element-dcc4e91 elementor-section-boxed elementor-section-height-default elementor-section-height-default\" data-id=\"dcc4e91\" data-element_type=\"section\">\n\t\t\t\t\t\t<div class=\"elementor-container elementor-column-gap-default\">\n\t\t\t\t\t<div class=\"has_eae_slider elementor-column elementor-col-100 elementor-top-column elementor-element elementor-element-adf1e46\" data-id=\"adf1e46\" data-element_type=\"column\">\n\t\t\t<div class=\"elementor-widget-wrap elementor-element-populated\">\n\t\t\t\t\t\t\t\t<div class=\"elementor-element elementor-element-e8867c6 elementor-widget elementor-widget-spacer\" data-id=\"e8867c6\" data-element_type=\"widget\" data-widget_type=\"spacer.default\">\n\t\t\t\t<div class=\"elementor-widget-container\">\n\t\t\t\t\t<div class=\"elementor-spacer\">\n\t\t\t<div class=\"elementor-spacer-inner\"><\/div>\n\t\t<\/div>\n\t\t\t\t<\/div>\n\t\t\t\t<\/div>\n\t\t\t\t\t<\/div>\n\t\t<\/div>\n\t\t\t\t\t\t\t<\/div>\n\t\t<\/section>\n\t\t\t\t\t\t\t<\/div>\n\t\t","protected":false},"excerpt":{"rendered":"<p>Accompagnement individuels S\u00e9ance (1hoo) 1 personne : 65 \u20ac&nbsp; 2 personnes : 95 \u20ac 3 personnes et plus : 35 \u20ac\/personne Cycle TAISO 4 s\u00e9ances&hellip;<\/p>\n","protected":false},"author":1,"featured_media":0,"parent":0,"menu_order":0,"comment_status":"closed","ping_status":"closed","template":"","meta":[],"_links":{"self":[{"href":"https:\/\/kagami.fr\/index.php\/wp-json\/wp\/v2\/pages\/482"}],"collection":[{"href":"https:\/\/kagami.fr\/index.php\/wp-json\/wp\/v2\/pages"}],"about":[{"href":"https:\/\/kagami.fr\/index.php\/wp-json\/wp\/v2\/types\/page"}],"author":[{"embeddable":true,"href":"https:\/\/kagami.fr\/index.php\/wp-json\/wp\/v2\/users\/1"}],"replies":[{"embeddable":true,"href":"https:\/\/kagami.fr\/index.php\/wp-json\/wp\/v2\/comments?post=482"}],"version-history":[{"count":48,"href":"https:\/\/kagami.fr\/index.php\/wp-json\/wp\/v2\/pages\/482\/revisions"}],"predecessor-version":[{"id":713,"href":"https:\/\/kagami.fr\/index.php\/wp-json\/wp\/v2\/pages\/482\/revisions\/713"}],"wp:attachment":[{"href":"https:\/\/kagami.fr\/index.php\/wp-json\/wp\/v2\/media?parent=482"}],"curies":[{"name":"wp","href":"https:\/\/api.w.org\/{rel}","templated":true}]}}