{"id":79,"date":"2020-04-13T12:07:51","date_gmt":"2020-04-13T10:07:51","guid":{"rendered":"http:\/\/kagami.fr\/?page_id=79"},"modified":"2024-01-29T15:41:20","modified_gmt":"2024-01-29T14:41:20","slug":"elementor-79","status":"publish","type":"page","link":"https:\/\/kagami.fr\/index.php\/elementor-79\/","title":{"rendered":"Naturopathie Japonaise"},"content":{"rendered":"\t\t<div data-elementor-type=\"wp-page\" data-elementor-id=\"79\" class=\"elementor elementor-79\">\n\t\t\t\t\t\t\t\t\t<section class=\"has_eae_slider elementor-section elementor-top-section elementor-element elementor-element-ae8155a elementor-section-boxed elementor-section-height-default elementor-section-height-default\" data-id=\"ae8155a\" data-element_type=\"section\">\n\t\t\t\t\t\t<div class=\"elementor-container elementor-column-gap-default\">\n\t\t\t\t\t<div class=\"has_eae_slider elementor-column elementor-col-33 elementor-top-column elementor-element elementor-element-3bb69be\" data-id=\"3bb69be\" data-element_type=\"column\">\n\t\t\t<div class=\"elementor-widget-wrap elementor-element-populated\">\n\t\t\t\t\t\t\t\t<div class=\"elementor-element elementor-element-d103454 elementor-widget elementor-widget-image\" data-id=\"d103454\" data-element_type=\"widget\" data-widget_type=\"image.default\">\n\t\t\t\t<div class=\"elementor-widget-container\">\n\t\t\t\t\t\t\t\t\t\t\t\t\t\t\t<img fetchpriority=\"high\" decoding=\"async\" width=\"768\" height=\"768\" src=\"https:\/\/kagami.fr\/wp-content\/uploads\/2020\/05\/41D77890-C1B6-4C75-8A4D-B948A50A60C2-768x768.png\" class=\"attachment-medium_large size-medium_large wp-image-513\" alt=\"\" srcset=\"https:\/\/kagami.fr\/wp-content\/uploads\/2020\/05\/41D77890-C1B6-4C75-8A4D-B948A50A60C2-768x768.png 768w, https:\/\/kagami.fr\/wp-content\/uploads\/2020\/05\/41D77890-C1B6-4C75-8A4D-B948A50A60C2-300x300.png 300w, https:\/\/kagami.fr\/wp-content\/uploads\/2020\/05\/41D77890-C1B6-4C75-8A4D-B948A50A60C2-1024x1024.png 1024w, https:\/\/kagami.fr\/wp-content\/uploads\/2020\/05\/41D77890-C1B6-4C75-8A4D-B948A50A60C2-150x150.png 150w, https:\/\/kagami.fr\/wp-content\/uploads\/2020\/05\/41D77890-C1B6-4C75-8A4D-B948A50A60C2-1536x1536.png 1536w, https:\/\/kagami.fr\/wp-content\/uploads\/2020\/05\/41D77890-C1B6-4C75-8A4D-B948A50A60C2-80x80.png 80w, https:\/\/kagami.fr\/wp-content\/uploads\/2020\/05\/41D77890-C1B6-4C75-8A4D-B948A50A60C2-600x600.png 600w, https:\/\/kagami.fr\/wp-content\/uploads\/2020\/05\/41D77890-C1B6-4C75-8A4D-B948A50A60C2-100x100.png 100w, https:\/\/kagami.fr\/wp-content\/uploads\/2020\/05\/41D77890-C1B6-4C75-8A4D-B948A50A60C2.png 1620w\" sizes=\"(max-width: 768px) 100vw, 768px\" \/>\t\t\t\t\t\t\t\t\t\t\t\t\t\t\t<\/div>\n\t\t\t\t<\/div>\n\t\t\t\t\t<\/div>\n\t\t<\/div>\n\t\t\t\t<div class=\"has_eae_slider elementor-column elementor-col-66 elementor-top-column elementor-element elementor-element-bd95f98\" data-id=\"bd95f98\" data-element_type=\"column\">\n\t\t\t<div class=\"elementor-widget-wrap elementor-element-populated\">\n\t\t\t\t\t\t\t\t<div class=\"elementor-element elementor-element-35cd90b elementor-widget elementor-widget-text-editor\" data-id=\"35cd90b\" data-element_type=\"widget\" data-widget_type=\"text-editor.default\">\n\t\t\t\t<div class=\"elementor-widget-container\">\n\t\t\t\t\t\t\t<h1 style=\"text-align: center;\">TAISO<\/h1><p style=\"text-align: center;\">Taiso signifie pr\u00e9paration du corps en Japonais.\u00a0<span style=\"font-size: 1rem;\">Cette m\u00e9thode h\u00e9rit\u00e9e des guerriers japonais, permet de d\u00e9velopper notre vitalit\u00e9 en quelques minutes seulement.\u00a0<span style=\"font-weight: bold;\">La sp\u00e9cificit\u00e9 de cette m\u00e9thode est de stimuler rapidement les processus d\u2019adaptation de votre corps sans g\u00e9n\u00e9rer de fatigue.<\/span><\/span><\/p><p style=\"text-align: center;\"><span style=\"color: #008000;\"><span style=\"color: #ffff00;\"><span style=\"font-size: 1rem;\">Pour pratiquer le TAISO, vous avez besoin de<\/span><span style=\"font-size: 1rem;\"><br \/><span style=\"font-size: 1rem;\">\u00a0<\/span><span style=\"font-size: 1rem; font-weight: bold;\">\u2022\u00a0<\/span>2 m2\u00a0<\/span><span style=\"font-size: 1rem; font-weight: bold;\">\u2022\u00a0<\/span><span style=\"font-size: 1rem;\">12 minutes \u2022<\/span><\/span><br \/><\/span><\/p><p style=\"text-align: center;\"><span style=\"font-size: 1rem; font-weight: bold; color: #33cccc;\">Syst\u00e8me immunitaire &#8211; Posture &#8211; Equilibre &#8211; Respiration profonde &#8211; Renforcement musculaire<\/span><\/p>\t\t\t\t\t\t<\/div>\n\t\t\t\t<\/div>\n\t\t\t\t\t<\/div>\n\t\t<\/div>\n\t\t\t\t\t\t\t<\/div>\n\t\t<\/section>\n\t\t\t\t<section class=\"has_eae_slider elementor-section elementor-top-section elementor-element elementor-element-f337eb5 elementor-section-boxed elementor-section-height-default elementor-section-height-default\" data-id=\"f337eb5\" data-element_type=\"section\">\n\t\t\t\t\t\t<div class=\"elementor-container elementor-column-gap-default\">\n\t\t\t\t\t<div class=\"has_eae_slider elementor-column elementor-col-33 elementor-top-column elementor-element elementor-element-e585a3e\" data-id=\"e585a3e\" data-element_type=\"column\">\n\t\t\t<div class=\"elementor-widget-wrap elementor-element-populated\">\n\t\t\t\t\t\t\t\t<div class=\"elementor-element elementor-element-a30bac3 elementor-widget elementor-widget-image\" data-id=\"a30bac3\" data-element_type=\"widget\" data-widget_type=\"image.default\">\n\t\t\t\t<div class=\"elementor-widget-container\">\n\t\t\t\t\t\t\t\t\t\t\t\t\t\t\t<img decoding=\"async\" width=\"768\" height=\"768\" src=\"https:\/\/kagami.fr\/wp-content\/uploads\/2020\/05\/D2B8C21A-1838-40C7-8237-9CA566564182-768x768.png\" class=\"attachment-medium_large size-medium_large wp-image-512\" alt=\"\" srcset=\"https:\/\/kagami.fr\/wp-content\/uploads\/2020\/05\/D2B8C21A-1838-40C7-8237-9CA566564182-768x768.png 768w, https:\/\/kagami.fr\/wp-content\/uploads\/2020\/05\/D2B8C21A-1838-40C7-8237-9CA566564182-300x300.png 300w, https:\/\/kagami.fr\/wp-content\/uploads\/2020\/05\/D2B8C21A-1838-40C7-8237-9CA566564182-1024x1024.png 1024w, https:\/\/kagami.fr\/wp-content\/uploads\/2020\/05\/D2B8C21A-1838-40C7-8237-9CA566564182-150x150.png 150w, https:\/\/kagami.fr\/wp-content\/uploads\/2020\/05\/D2B8C21A-1838-40C7-8237-9CA566564182-1536x1536.png 1536w, https:\/\/kagami.fr\/wp-content\/uploads\/2020\/05\/D2B8C21A-1838-40C7-8237-9CA566564182-80x80.png 80w, https:\/\/kagami.fr\/wp-content\/uploads\/2020\/05\/D2B8C21A-1838-40C7-8237-9CA566564182-600x600.png 600w, https:\/\/kagami.fr\/wp-content\/uploads\/2020\/05\/D2B8C21A-1838-40C7-8237-9CA566564182-100x100.png 100w, https:\/\/kagami.fr\/wp-content\/uploads\/2020\/05\/D2B8C21A-1838-40C7-8237-9CA566564182.png 1620w\" sizes=\"(max-width: 768px) 100vw, 768px\" \/>\t\t\t\t\t\t\t\t\t\t\t\t\t\t\t<\/div>\n\t\t\t\t<\/div>\n\t\t\t\t\t<\/div>\n\t\t<\/div>\n\t\t\t\t<div class=\"has_eae_slider elementor-column elementor-col-66 elementor-top-column elementor-element elementor-element-47fcead\" data-id=\"47fcead\" data-element_type=\"column\">\n\t\t\t<div class=\"elementor-widget-wrap elementor-element-populated\">\n\t\t\t\t\t\t\t\t<div class=\"elementor-element elementor-element-18acb67 elementor-widget elementor-widget-text-editor\" data-id=\"18acb67\" data-element_type=\"widget\" data-widget_type=\"text-editor.default\">\n\t\t\t\t<div class=\"elementor-widget-container\">\n\t\t\t\t\t\t\t<h1 style=\"text-align: center;\">IYASHIDOME<\/h1>\n<p style=\"text-align: center;\"><strong> Sauna Japonais<\/strong><\/p>\n<p style=\"text-align: center;\">Une s\u00e9ance de d\u00f4me vous apporte d\u00e9tente et detoxification en profondeur de tout l&rsquo;organisme<\/p>\n<p style=\"text-align: center;\"><span style=\"color: #33cccc;\">Syst\u00e8me immunitaire &#8211; Equilibre &#8211; Respiration profonde &#8211; R\u00e9cup\u00e9ration &#8211; D\u00e9tox<\/span><\/p>\t\t\t\t\t\t<\/div>\n\t\t\t\t<\/div>\n\t\t\t\t\t<\/div>\n\t\t<\/div>\n\t\t\t\t\t\t\t<\/div>\n\t\t<\/section>\n\t\t\t\t<section class=\"has_eae_slider elementor-section elementor-top-section elementor-element elementor-element-1ca7bfe elementor-section-boxed elementor-section-height-default elementor-section-height-default\" data-id=\"1ca7bfe\" data-element_type=\"section\">\n\t\t\t\t\t\t<div class=\"elementor-container elementor-column-gap-default\">\n\t\t\t\t\t<div class=\"has_eae_slider elementor-column elementor-col-33 elementor-top-column elementor-element elementor-element-0f55b1e\" data-id=\"0f55b1e\" data-element_type=\"column\">\n\t\t\t<div class=\"elementor-widget-wrap elementor-element-populated\">\n\t\t\t\t\t\t\t\t<div class=\"elementor-element elementor-element-77da43a elementor-widget elementor-widget-image\" data-id=\"77da43a\" data-element_type=\"widget\" data-widget_type=\"image.default\">\n\t\t\t\t<div class=\"elementor-widget-container\">\n\t\t\t\t\t\t\t\t\t\t\t\t\t\t\t<img decoding=\"async\" width=\"768\" height=\"576\" src=\"https:\/\/kagami.fr\/wp-content\/uploads\/2020\/04\/758ECF53-72DF-4755-B845-BCAC976D22E6-768x576.jpeg\" class=\"attachment-medium_large size-medium_large wp-image-81\" alt=\"\" srcset=\"https:\/\/kagami.fr\/wp-content\/uploads\/2020\/04\/758ECF53-72DF-4755-B845-BCAC976D22E6-768x576.jpeg 768w, https:\/\/kagami.fr\/wp-content\/uploads\/2020\/04\/758ECF53-72DF-4755-B845-BCAC976D22E6-600x450.jpeg 600w, https:\/\/kagami.fr\/wp-content\/uploads\/2020\/04\/758ECF53-72DF-4755-B845-BCAC976D22E6-300x225.jpeg 300w, https:\/\/kagami.fr\/wp-content\/uploads\/2020\/04\/758ECF53-72DF-4755-B845-BCAC976D22E6.jpeg 1024w\" sizes=\"(max-width: 768px) 100vw, 768px\" \/>\t\t\t\t\t\t\t\t\t\t\t\t\t\t\t<\/div>\n\t\t\t\t<\/div>\n\t\t\t\t\t<\/div>\n\t\t<\/div>\n\t\t\t\t<div class=\"has_eae_slider elementor-column elementor-col-66 elementor-top-column elementor-element elementor-element-fd66cb7\" data-id=\"fd66cb7\" data-element_type=\"column\">\n\t\t\t<div class=\"elementor-widget-wrap elementor-element-populated\">\n\t\t\t\t\t\t\t\t<div class=\"elementor-element elementor-element-8c08a92 elementor-widget elementor-widget-text-editor\" data-id=\"8c08a92\" data-element_type=\"widget\" data-widget_type=\"text-editor.default\">\n\t\t\t\t<div class=\"elementor-widget-container\">\n\t\t\t\t\t\t\t<h1 style=\"text-align: center;\">Yo Jo Gaku<\/h1><p style=\"text-align: center;\"><strong>M\u00e9thode Japonaise<\/strong><\/p><p style=\"text-align: center;\">Une approche\u00a0globale de la sant\u00e9 d\u00e9bute par la compr\u00e9hension de ce que nous sommes \u00e0 travers la biologie, la physique et notre fa\u00e7on de penser au quotidien.<\/p><p style=\"text-align: center;\"><span style=\"color: #33cccc;\">Devenez acteur de votre bien \u00eatre.<\/span><\/p>\t\t\t\t\t\t<\/div>\n\t\t\t\t<\/div>\n\t\t\t\t\t<\/div>\n\t\t<\/div>\n\t\t\t\t\t\t\t<\/div>\n\t\t<\/section>\n\t\t\t\t<section class=\"has_eae_slider elementor-section elementor-top-section elementor-element elementor-element-f088dc8 elementor-section-boxed elementor-section-height-default elementor-section-height-default\" data-id=\"f088dc8\" data-element_type=\"section\">\n\t\t\t\t\t\t<div class=\"elementor-container elementor-column-gap-default\">\n\t\t\t\t\t<div class=\"has_eae_slider elementor-column elementor-col-33 elementor-top-column elementor-element elementor-element-3d20458\" data-id=\"3d20458\" data-element_type=\"column\">\n\t\t\t<div class=\"elementor-widget-wrap elementor-element-populated\">\n\t\t\t\t\t\t\t\t<div class=\"elementor-element elementor-element-8be8619 elementor-widget elementor-widget-image\" data-id=\"8be8619\" data-element_type=\"widget\" data-widget_type=\"image.default\">\n\t\t\t\t<div class=\"elementor-widget-container\">\n\t\t\t\t\t\t\t\t\t\t\t\t\t\t\t<img loading=\"lazy\" decoding=\"async\" width=\"768\" height=\"768\" src=\"https:\/\/kagami.fr\/wp-content\/uploads\/2020\/05\/65126A3D-B7DA-4D15-95E5-400E2608A0B1-768x768.png\" class=\"attachment-medium_large size-medium_large wp-image-515\" alt=\"\" srcset=\"https:\/\/kagami.fr\/wp-content\/uploads\/2020\/05\/65126A3D-B7DA-4D15-95E5-400E2608A0B1-768x768.png 768w, https:\/\/kagami.fr\/wp-content\/uploads\/2020\/05\/65126A3D-B7DA-4D15-95E5-400E2608A0B1-300x300.png 300w, https:\/\/kagami.fr\/wp-content\/uploads\/2020\/05\/65126A3D-B7DA-4D15-95E5-400E2608A0B1-1024x1024.png 1024w, https:\/\/kagami.fr\/wp-content\/uploads\/2020\/05\/65126A3D-B7DA-4D15-95E5-400E2608A0B1-150x150.png 150w, https:\/\/kagami.fr\/wp-content\/uploads\/2020\/05\/65126A3D-B7DA-4D15-95E5-400E2608A0B1-1536x1536.png 1536w, https:\/\/kagami.fr\/wp-content\/uploads\/2020\/05\/65126A3D-B7DA-4D15-95E5-400E2608A0B1-80x80.png 80w, https:\/\/kagami.fr\/wp-content\/uploads\/2020\/05\/65126A3D-B7DA-4D15-95E5-400E2608A0B1-600x600.png 600w, https:\/\/kagami.fr\/wp-content\/uploads\/2020\/05\/65126A3D-B7DA-4D15-95E5-400E2608A0B1-100x100.png 100w, https:\/\/kagami.fr\/wp-content\/uploads\/2020\/05\/65126A3D-B7DA-4D15-95E5-400E2608A0B1.png 1620w\" sizes=\"(max-width: 768px) 100vw, 768px\" \/>\t\t\t\t\t\t\t\t\t\t\t\t\t\t\t<\/div>\n\t\t\t\t<\/div>\n\t\t\t\t\t<\/div>\n\t\t<\/div>\n\t\t\t\t<div class=\"has_eae_slider elementor-column elementor-col-66 elementor-top-column elementor-element elementor-element-53edba1\" data-id=\"53edba1\" data-element_type=\"column\">\n\t\t\t<div class=\"elementor-widget-wrap elementor-element-populated\">\n\t\t\t\t\t\t\t\t<div class=\"elementor-element elementor-element-193fb3f elementor-widget elementor-widget-text-editor\" data-id=\"193fb3f\" data-element_type=\"widget\" data-widget_type=\"text-editor.default\">\n\t\t\t\t<div class=\"elementor-widget-container\">\n\t\t\t\t\t\t\t<h1 style=\"text-align: center;\">Massage TEATE<\/h1><p style=\"text-align: center;\">L&rsquo;un des plus ancien massage du japon. Il est \u00e0 l&rsquo;origne du shiatsu. Contrairement \u00e0 ce dernier il ne s&rsquo;est pas m\u00e9lang\u00e9 avec la m\u00e9decine chinoise, mais \u00e0 conserv\u00e9 son approche originelle.<\/p><p style=\"text-align: center;\"><span style=\"font-size: 1.125rem; background-color: var(--page-background-color); color: var(--text-color);\">Le massage TEATE se pratique sur table et habill\u00e9<\/span><\/p><p style=\"text-align: center;\"><span style=\"color: #33cccc;\">Syst\u00e8me immunitaire &#8211; Posture &#8211; Equilibre<\/span><\/p>\t\t\t\t\t\t<\/div>\n\t\t\t\t<\/div>\n\t\t\t\t\t<\/div>\n\t\t<\/div>\n\t\t\t\t\t\t\t<\/div>\n\t\t<\/section>\n\t\t\t\t\t\t\t<\/div>\n\t\t","protected":false},"excerpt":{"rendered":"<p>TAISO Taiso signifie pr\u00e9paration du corps en Japonais.\u00a0Cette m\u00e9thode h\u00e9rit\u00e9e des guerriers japonais, permet de d\u00e9velopper notre vitalit\u00e9 en quelques minutes seulement.\u00a0La sp\u00e9cificit\u00e9 de cette&hellip;<\/p>\n","protected":false},"author":1,"featured_media":0,"parent":0,"menu_order":0,"comment_status":"closed","ping_status":"closed","template":"","meta":[],"_links":{"self":[{"href":"https:\/\/kagami.fr\/index.php\/wp-json\/wp\/v2\/pages\/79"}],"collection":[{"href":"https:\/\/kagami.fr\/index.php\/wp-json\/wp\/v2\/pages"}],"about":[{"href":"https:\/\/kagami.fr\/index.php\/wp-json\/wp\/v2\/types\/page"}],"author":[{"embeddable":true,"href":"https:\/\/kagami.fr\/index.php\/wp-json\/wp\/v2\/users\/1"}],"replies":[{"embeddable":true,"href":"https:\/\/kagami.fr\/index.php\/wp-json\/wp\/v2\/comments?post=79"}],"version-history":[{"count":87,"href":"https:\/\/kagami.fr\/index.php\/wp-json\/wp\/v2\/pages\/79\/revisions"}],"predecessor-version":[{"id":722,"href":"https:\/\/kagami.fr\/index.php\/wp-json\/wp\/v2\/pages\/79\/revisions\/722"}],"wp:attachment":[{"href":"https:\/\/kagami.fr\/index.php\/wp-json\/wp\/v2\/media?parent=79"}],"curies":[{"name":"wp","href":"https:\/\/api.w.org\/{rel}","templated":true}]}}